{"id":19,"date":"2022-03-02T15:34:38","date_gmt":"2022-03-02T15:34:38","guid":{"rendered":"http:\/\/nalakach.agro.pl\/?page_id=19"},"modified":"2022-03-11T13:11:02","modified_gmt":"2022-03-11T13:11:02","slug":"opis-obiektu-i-okolic","status":"publish","type":"page","link":"http:\/\/nalakach.agro.pl\/index.php\/opis-obiektu-i-okolic\/","title":{"rendered":"Opis obiektu i atrakcje"},"content":{"rendered":"\n<div style=\"margin-top:-10px;\"><\/div>\n\n\n\n<p><strong>Drodzy Go\u015bcie.<\/strong><\/p>\n\n\n\n<p>Zapraszamy Pa\u0144stwa do odwiedzenia jednego z najpi\u0119kniejszego miejsca gdzie czas staje w miejscu&#8230;. nasza Agroturystyka znajduje si\u0119 dooko\u0142a \u0142\u0105k i las\u00f3w&nbsp; &#8211; Garczegorze na uboczu wsi. Apartamenty i Pokoje w Agroturystyce po\u0142o\u017cone s\u0105 <strong>20km od \u0141eby i 7km od L\u0119borka. <\/strong>Obiekt usadowiony jest na 1,5 ha dzia\u0142ce z mn\u00f3stwem atrakcji.<\/p>\n\n\n\n<br>\n\n\n\n<p>W naszej ofercie posiadamy 7 luksusowych apartamenty i 6 luksusowych pokoi. Apartamenty urz\u0105dzone s\u0105 w nowoczesnym stylu, dzi\u0119ki czemu&nbsp;<strong>pozwoli to pa\u0144stwu wyj\u0105tkowo sp\u0119dzi\u0107 czas<\/strong>&nbsp;zar\u00f3wno w gronie przyjaci\u00f3\u0142 jak i rodzinom z dzie\u0107mi.<\/p>\n\n\n\n<p>Wszystkie apartamenty wyposa\u017cone s\u0105 w sprz\u0119ty RTV\/AGD:<\/p>\n\n\n\n<ul><li>&#8211; lod\u00f3wka z zamra\u017calnikiem,<\/li><li>&#8211; dwupalnikowa indukcja, lub gaz\u00f3wk\u0105<\/li><li>&#8211; mikrofal\u00f3wka,<\/li><li>&#8211; czajnik,<\/li><li>&#8211; TV 43\u201d z p\u0142askim ekranem,<\/li><\/ul>\n\n\n\n<p>Wszystkie pokoje zosta\u0142y&nbsp;wyposa\u017cone s\u0105 w sprz\u0119ty RTV:<\/p>\n\n\n\n<ul><li>&#8211; TV 43\u201d z p\u0142askim ekranem<\/li><li>&#8211; og\u00f3lnodost\u0119pna w pe\u0142ni wyposa\u017cona kuchnia z cz\u0119\u015bci\u0105 jadalnian\u0105:<\/li><li>&#8211; 2x lod\u00f3wki<\/li><li>&#8211; 2x 4palnikowe gaz\u00f3wki z piekarnikiem<\/li><li>&#8211; mikrofala<\/li><li>&#8211; 2x czajnik<\/li><li>&#8211; powierzchnia 30m2<\/li><\/ul>\n\n\n\n<p>Ponadto oferujemy&nbsp;pe\u0142ne wyposa\u017cenie kuchenne, wi-fi, TV kablow\u0105, suszarka do w\u0142os\u00f3w tylko w apartamentach, \u017celazko z desk\u0105 do prasowania na \u017cyczenie go\u015bcia<\/p>\n\n\n\n<p>Obiekt posiada du\u017cy bezp\u0142atny parking, kt\u00f3ry jest w pe\u0142ni ogrodzony i monitorowany;<\/p>\n\n\n\n<p>Brama wjazdowa otwierana jest poprzez kod kt\u00f3ry otrzymuj\u0105 pa\u0144stwo w dniu przyjazdu.<\/p>\n\n\n\n<br>\n\n\n\n<p><strong>Atrakcje<\/strong><\/p>\n\n\n\n<ul><li>&#8211; Na terenie znajduj\u0105 si\u0119 2 otwarte Altany;<\/li><li>&#8211; Biesiadna Altana zamkni\u0119ta z grillami, kuchni\u0105, \u0142azienk\u0105 i barem;<\/li><li>&#8211; K\u0105cik na palenisko;<\/li><li>&#8211; Atestowany plac zabaw, domek na drzewie;<\/li><li>&#8211; 2 stawy z mo\u017cliwo\u015bci\u0105 \u0142owienia ryb;<\/li><li>&#8211; Boisko do pi\u0142ki no\u017cnej;<\/li><li>&#8211; Basen (otwarty w sezonie letnim);<\/li><li>&#8211; Hamaki, Le\u017caki;<\/li><li>&#8211; Sala gier (bilard, pi\u0142karzyki, ping-pong)<\/li><li>&#8211; Blisko \u015bcie\u017cki rowerowe<\/li><\/ul>\n\n\n\n<p class=\"has-text-align-right\"><strong>&nbsp;Serdecznie zapraszamy do rezerwacji mailowych i telefonicznych.<\/strong><\/p>\n\n\n\n<figure class=\"wp-block-gallery has-nested-images columns-5 is-cropped\">\n<figure class=\"wp-block-image size-large\"><a href=\"http:\/\/nalakach.agro.pl\/wp-content\/uploads\/2022\/03\/atrakcje15.jpg\"><img loading=\"lazy\" width=\"1024\" height=\"1536\" data-id=\"177\"  src=\"http:\/\/nalakach.agro.pl\/wp-content\/uploads\/2022\/03\/atrakcje15.jpg\" alt=\"\" class=\"wp-image-177\" srcset=\"http:\/\/nalakach.agro.pl\/wp-content\/uploads\/2022\/03\/atrakcje15.jpg 1024w, http:\/\/nalakach.agro.pl\/wp-content\/uploads\/2022\/03\/atrakcje15-200x300.jpg 200w, http:\/\/nalakach.agro.pl\/wp-content\/uploads\/2022\/03\/atrakcje15-683x1024.jpg 683w, http:\/\/nalakach.agro.pl\/wp-content\/uploads\/2022\/03\/atrakcje15-768x1152.jpg 768w\" sizes=\"(max-width: 1024px) 100vw, 1024px\" \/><\/a><\/figure>\n\n\n\n<figure class=\"wp-block-image size-large\"><a href=\"http:\/\/nalakach.agro.pl\/wp-content\/uploads\/2022\/03\/atrakcje16.jpg\"><img loading=\"lazy\" width=\"1024\" height=\"683\" data-id=\"176\"  src=\"http:\/\/nalakach.agro.pl\/wp-content\/uploads\/2022\/03\/atrakcje16.jpg\" alt=\"\" class=\"wp-image-176\" srcset=\"http:\/\/nalakach.agro.pl\/wp-content\/uploads\/2022\/03\/atrakcje16.jpg 1024w, http:\/\/nalakach.agro.pl\/wp-content\/uploads\/2022\/03\/atrakcje16-300x200.jpg 300w, http:\/\/nalakach.agro.pl\/wp-content\/uploads\/2022\/03\/atrakcje16-768x512.jpg 768w\" sizes=\"(max-width: 1024px) 100vw, 1024px\" \/><\/a><\/figure>\n\n\n\n<figure class=\"wp-block-image size-large\"><a href=\"http:\/\/nalakach.agro.pl\/wp-content\/uploads\/2022\/03\/atrakcje2.jpg\"><img loading=\"lazy\" width=\"1024\" height=\"683\" data-id=\"175\"  src=\"http:\/\/nalakach.agro.pl\/wp-content\/uploads\/2022\/03\/atrakcje2.jpg\" alt=\"\" class=\"wp-image-175\" srcset=\"http:\/\/nalakach.agro.pl\/wp-content\/uploads\/2022\/03\/atrakcje2.jpg 1024w, http:\/\/nalakach.agro.pl\/wp-content\/uploads\/2022\/03\/atrakcje2-300x200.jpg 300w, http:\/\/nalakach.agro.pl\/wp-content\/uploads\/2022\/03\/atrakcje2-768x512.jpg 768w\" sizes=\"(max-width: 1024px) 100vw, 1024px\" \/><\/a><\/figure>\n\n\n\n<figure class=\"wp-block-image size-large\"><a href=\"http:\/\/nalakach.agro.pl\/wp-content\/uploads\/2022\/03\/atrakcje17.jpg\"><img loading=\"lazy\" width=\"1024\" height=\"683\" data-id=\"174\"  src=\"http:\/\/nalakach.agro.pl\/wp-content\/uploads\/2022\/03\/atrakcje17.jpg\" alt=\"\" class=\"wp-image-174\" srcset=\"http:\/\/nalakach.agro.pl\/wp-content\/uploads\/2022\/03\/atrakcje17.jpg 1024w, http:\/\/nalakach.agro.pl\/wp-content\/uploads\/2022\/03\/atrakcje17-300x200.jpg 300w, http:\/\/nalakach.agro.pl\/wp-content\/uploads\/2022\/03\/atrakcje17-768x512.jpg 768w\" sizes=\"(max-width: 1024px) 100vw, 1024px\" \/><\/a><\/figure>\n\n\n\n<figure class=\"wp-block-image size-large\"><a href=\"http:\/\/nalakach.agro.pl\/wp-content\/uploads\/2022\/03\/atrakcje18.jpg\"><img loading=\"lazy\" width=\"1024\" height=\"1536\" data-id=\"173\"  src=\"http:\/\/nalakach.agro.pl\/wp-content\/uploads\/2022\/03\/atrakcje18.jpg\" alt=\"\" class=\"wp-image-173\" srcset=\"http:\/\/nalakach.agro.pl\/wp-content\/uploads\/2022\/03\/atrakcje18.jpg 1024w, http:\/\/nalakach.agro.pl\/wp-content\/uploads\/2022\/03\/atrakcje18-200x300.jpg 200w, http:\/\/nalakach.agro.pl\/wp-content\/uploads\/2022\/03\/atrakcje18-683x1024.jpg 683w, http:\/\/nalakach.agro.pl\/wp-content\/uploads\/2022\/03\/atrakcje18-768x1152.jpg 768w\" sizes=\"(max-width: 1024px) 100vw, 1024px\" \/><\/a><\/figure>\n\n\n\n<figure class=\"wp-block-image size-large\"><a href=\"http:\/\/nalakach.agro.pl\/wp-content\/uploads\/2022\/03\/atrakcje14.jpg\"><img loading=\"lazy\" width=\"1024\" height=\"683\" data-id=\"170\"  src=\"http:\/\/nalakach.agro.pl\/wp-content\/uploads\/2022\/03\/atrakcje14.jpg\" alt=\"\" class=\"wp-image-170\" srcset=\"http:\/\/nalakach.agro.pl\/wp-content\/uploads\/2022\/03\/atrakcje14.jpg 1024w, http:\/\/nalakach.agro.pl\/wp-content\/uploads\/2022\/03\/atrakcje14-300x200.jpg 300w, http:\/\/nalakach.agro.pl\/wp-content\/uploads\/2022\/03\/atrakcje14-768x512.jpg 768w\" sizes=\"(max-width: 1024px) 100vw, 1024px\" \/><\/a><\/figure>\n\n\n\n<figure class=\"wp-block-image size-large\"><a href=\"http:\/\/nalakach.agro.pl\/wp-content\/uploads\/2022\/03\/atrakcje1.jpg\"><img loading=\"lazy\" width=\"1024\" height=\"683\" data-id=\"172\"  src=\"http:\/\/nalakach.agro.pl\/wp-content\/uploads\/2022\/03\/atrakcje1.jpg\" alt=\"\" class=\"wp-image-172\" srcset=\"http:\/\/nalakach.agro.pl\/wp-content\/uploads\/2022\/03\/atrakcje1.jpg 1024w, http:\/\/nalakach.agro.pl\/wp-content\/uploads\/2022\/03\/atrakcje1-300x200.jpg 300w, http:\/\/nalakach.agro.pl\/wp-content\/uploads\/2022\/03\/atrakcje1-768x512.jpg 768w\" sizes=\"(max-width: 1024px) 100vw, 1024px\" \/><\/a><\/figure>\n\n\n\n<figure class=\"wp-block-image size-large\"><a href=\"http:\/\/nalakach.agro.pl\/wp-content\/uploads\/2022\/03\/atrakcje4.jpg\"><img loading=\"lazy\" width=\"1024\" height=\"683\" data-id=\"171\"  src=\"http:\/\/nalakach.agro.pl\/wp-content\/uploads\/2022\/03\/atrakcje4.jpg\" alt=\"\" class=\"wp-image-171\" srcset=\"http:\/\/nalakach.agro.pl\/wp-content\/uploads\/2022\/03\/atrakcje4.jpg 1024w, http:\/\/nalakach.agro.pl\/wp-content\/uploads\/2022\/03\/atrakcje4-300x200.jpg 300w, http:\/\/nalakach.agro.pl\/wp-content\/uploads\/2022\/03\/atrakcje4-768x512.jpg 768w\" sizes=\"(max-width: 1024px) 100vw, 1024px\" \/><\/a><\/figure>\n\n\n\n<figure class=\"wp-block-image size-large\"><a href=\"http:\/\/nalakach.agro.pl\/wp-content\/uploads\/2022\/03\/atrakcje11.jpg\"><img loading=\"lazy\" width=\"1024\" height=\"473\" data-id=\"169\"  src=\"http:\/\/nalakach.agro.pl\/wp-content\/uploads\/2022\/03\/atrakcje11.jpg\" alt=\"\" class=\"wp-image-169\" srcset=\"http:\/\/nalakach.agro.pl\/wp-content\/uploads\/2022\/03\/atrakcje11.jpg 1024w, http:\/\/nalakach.agro.pl\/wp-content\/uploads\/2022\/03\/atrakcje11-300x139.jpg 300w, http:\/\/nalakach.agro.pl\/wp-content\/uploads\/2022\/03\/atrakcje11-768x355.jpg 768w\" sizes=\"(max-width: 1024px) 100vw, 1024px\" \/><\/a><\/figure>\n\n\n\n<figure class=\"wp-block-image size-large\"><a href=\"http:\/\/nalakach.agro.pl\/wp-content\/uploads\/2022\/03\/atrakcje13.jpg\"><img loading=\"lazy\" width=\"1024\" height=\"683\" data-id=\"167\"  src=\"http:\/\/nalakach.agro.pl\/wp-content\/uploads\/2022\/03\/atrakcje13.jpg\" alt=\"\" class=\"wp-image-167\" srcset=\"http:\/\/nalakach.agro.pl\/wp-content\/uploads\/2022\/03\/atrakcje13.jpg 1024w, http:\/\/nalakach.agro.pl\/wp-content\/uploads\/2022\/03\/atrakcje13-300x200.jpg 300w, http:\/\/nalakach.agro.pl\/wp-content\/uploads\/2022\/03\/atrakcje13-768x512.jpg 768w\" sizes=\"(max-width: 1024px) 100vw, 1024px\" \/><\/a><\/figure>\n\n\n\n<figure class=\"wp-block-image size-large\"><a href=\"http:\/\/nalakach.agro.pl\/wp-content\/uploads\/2022\/03\/atrakcje10.jpg\"><img loading=\"lazy\" width=\"1024\" height=\"683\" data-id=\"166\"  src=\"http:\/\/nalakach.agro.pl\/wp-content\/uploads\/2022\/03\/atrakcje10.jpg\" alt=\"\" class=\"wp-image-166\" srcset=\"http:\/\/nalakach.agro.pl\/wp-content\/uploads\/2022\/03\/atrakcje10.jpg 1024w, http:\/\/nalakach.agro.pl\/wp-content\/uploads\/2022\/03\/atrakcje10-300x200.jpg 300w, http:\/\/nalakach.agro.pl\/wp-content\/uploads\/2022\/03\/atrakcje10-768x512.jpg 768w\" sizes=\"(max-width: 1024px) 100vw, 1024px\" \/><\/a><\/figure>\n\n\n\n<figure class=\"wp-block-image size-large\"><a href=\"http:\/\/nalakach.agro.pl\/wp-content\/uploads\/2022\/03\/atrakcje7.jpg\"><img loading=\"lazy\" width=\"1024\" height=\"683\" data-id=\"165\"  src=\"http:\/\/nalakach.agro.pl\/wp-content\/uploads\/2022\/03\/atrakcje7.jpg\" alt=\"\" class=\"wp-image-165\" srcset=\"http:\/\/nalakach.agro.pl\/wp-content\/uploads\/2022\/03\/atrakcje7.jpg 1024w, http:\/\/nalakach.agro.pl\/wp-content\/uploads\/2022\/03\/atrakcje7-300x200.jpg 300w, http:\/\/nalakach.agro.pl\/wp-content\/uploads\/2022\/03\/atrakcje7-768x512.jpg 768w\" sizes=\"(max-width: 1024px) 100vw, 1024px\" \/><\/a><\/figure>\n\n\n\n<figure class=\"wp-block-image size-large\"><a href=\"http:\/\/nalakach.agro.pl\/wp-content\/uploads\/2022\/03\/atrakcje5.jpg\"><img loading=\"lazy\" width=\"1024\" height=\"683\" data-id=\"164\"  src=\"http:\/\/nalakach.agro.pl\/wp-content\/uploads\/2022\/03\/atrakcje5.jpg\" alt=\"\" class=\"wp-image-164\" srcset=\"http:\/\/nalakach.agro.pl\/wp-content\/uploads\/2022\/03\/atrakcje5.jpg 1024w, http:\/\/nalakach.agro.pl\/wp-content\/uploads\/2022\/03\/atrakcje5-300x200.jpg 300w, http:\/\/nalakach.agro.pl\/wp-content\/uploads\/2022\/03\/atrakcje5-768x512.jpg 768w\" sizes=\"(max-width: 1024px) 100vw, 1024px\" \/><\/a><\/figure>\n\n\n\n<figure class=\"wp-block-image size-large\"><a href=\"http:\/\/nalakach.agro.pl\/wp-content\/uploads\/2022\/03\/atrakcje9.jpg\"><img loading=\"lazy\" width=\"1024\" height=\"683\" data-id=\"163\"  src=\"http:\/\/nalakach.agro.pl\/wp-content\/uploads\/2022\/03\/atrakcje9.jpg\" alt=\"\" class=\"wp-image-163\" srcset=\"http:\/\/nalakach.agro.pl\/wp-content\/uploads\/2022\/03\/atrakcje9.jpg 1024w, http:\/\/nalakach.agro.pl\/wp-content\/uploads\/2022\/03\/atrakcje9-300x200.jpg 300w, http:\/\/nalakach.agro.pl\/wp-content\/uploads\/2022\/03\/atrakcje9-768x512.jpg 768w\" sizes=\"(max-width: 1024px) 100vw, 1024px\" \/><\/a><\/figure>\n\n\n\n<figure class=\"wp-block-image size-large\"><a href=\"http:\/\/nalakach.agro.pl\/wp-content\/uploads\/2022\/03\/atrakcje3.jpg\"><img loading=\"lazy\" width=\"1024\" height=\"683\" data-id=\"162\"  src=\"http:\/\/nalakach.agro.pl\/wp-content\/uploads\/2022\/03\/atrakcje3.jpg\" alt=\"\" class=\"wp-image-162\" srcset=\"http:\/\/nalakach.agro.pl\/wp-content\/uploads\/2022\/03\/atrakcje3.jpg 1024w, http:\/\/nalakach.agro.pl\/wp-content\/uploads\/2022\/03\/atrakcje3-300x200.jpg 300w, http:\/\/nalakach.agro.pl\/wp-content\/uploads\/2022\/03\/atrakcje3-768x512.jpg 768w\" sizes=\"(max-width: 1024px) 100vw, 1024px\" \/><\/a><\/figure>\n\n\n\n<figure class=\"wp-block-image size-large\"><a href=\"http:\/\/nalakach.agro.pl\/wp-content\/uploads\/2022\/03\/atrakcje6.jpg\"><img loading=\"lazy\" width=\"1024\" height=\"683\" data-id=\"161\"  src=\"http:\/\/nalakach.agro.pl\/wp-content\/uploads\/2022\/03\/atrakcje6.jpg\" alt=\"\" class=\"wp-image-161\" srcset=\"http:\/\/nalakach.agro.pl\/wp-content\/uploads\/2022\/03\/atrakcje6.jpg 1024w, http:\/\/nalakach.agro.pl\/wp-content\/uploads\/2022\/03\/atrakcje6-300x200.jpg 300w, http:\/\/nalakach.agro.pl\/wp-content\/uploads\/2022\/03\/atrakcje6-768x512.jpg 768w\" sizes=\"(max-width: 1024px) 100vw, 1024px\" \/><\/a><\/figure>\n\n\n\n<figure class=\"wp-block-image size-large\"><a href=\"http:\/\/nalakach.agro.pl\/wp-content\/uploads\/2022\/03\/atrakcje8.jpg\"><img loading=\"lazy\" width=\"1024\" height=\"683\" data-id=\"160\"  src=\"http:\/\/nalakach.agro.pl\/wp-content\/uploads\/2022\/03\/atrakcje8.jpg\" alt=\"\" class=\"wp-image-160\" srcset=\"http:\/\/nalakach.agro.pl\/wp-content\/uploads\/2022\/03\/atrakcje8.jpg 1024w, http:\/\/nalakach.agro.pl\/wp-content\/uploads\/2022\/03\/atrakcje8-300x200.jpg 300w, http:\/\/nalakach.agro.pl\/wp-content\/uploads\/2022\/03\/atrakcje8-768x512.jpg 768w\" sizes=\"(max-width: 1024px) 100vw, 1024px\" \/><\/a><\/figure>\n<\/figure>\n","protected":false},"excerpt":{"rendered":"<p>Drodzy Go\u015bcie. Zapraszamy Pa\u0144stwa do odwiedzenia jednego z najpi\u0119kniejszego miejsca gdzie czas staje w miejscu&#8230;. nasza Agroturystyka znajduje si\u0119 dooko\u0142a \u0142\u0105k i las\u00f3w&nbsp; &#8211; Garczegorze na uboczu wsi. Apartamenty i Pokoje w Agroturystyce po\u0142o\u017cone s\u0105 20km od \u0141eby i 7km od L\u0119borka. Obiekt usadowiony jest na 1,5 ha dzia\u0142ce z mn\u00f3stwem atrakcji. W naszej ofercie [&hellip;]<\/p>\n","protected":false},"author":1,"featured_media":0,"parent":0,"menu_order":0,"comment_status":"closed","ping_status":"closed","template":"","meta":[],"_links":{"self":[{"href":"http:\/\/nalakach.agro.pl\/index.php\/wp-json\/wp\/v2\/pages\/19"}],"collection":[{"href":"http:\/\/nalakach.agro.pl\/index.php\/wp-json\/wp\/v2\/pages"}],"about":[{"href":"http:\/\/nalakach.agro.pl\/index.php\/wp-json\/wp\/v2\/types\/page"}],"author":[{"embeddable":true,"href":"http:\/\/nalakach.agro.pl\/index.php\/wp-json\/wp\/v2\/users\/1"}],"replies":[{"embeddable":true,"href":"http:\/\/nalakach.agro.pl\/index.php\/wp-json\/wp\/v2\/comments?post=19"}],"version-history":[{"count":18,"href":"http:\/\/nalakach.agro.pl\/index.php\/wp-json\/wp\/v2\/pages\/19\/revisions"}],"predecessor-version":[{"id":219,"href":"http:\/\/nalakach.agro.pl\/index.php\/wp-json\/wp\/v2\/pages\/19\/revisions\/219"}],"wp:attachment":[{"href":"http:\/\/nalakach.agro.pl\/index.php\/wp-json\/wp\/v2\/media?parent=19"}],"curies":[{"name":"wp","href":"https:\/\/api.w.org\/{rel}","templated":true}]}}