{"id":17,"date":"2022-03-02T15:34:22","date_gmt":"2022-03-02T15:34:22","guid":{"rendered":"http:\/\/nalakach.agro.pl\/?page_id=17"},"modified":"2022-05-26T12:11:45","modified_gmt":"2022-05-26T12:11:45","slug":"cennik","status":"publish","type":"page","link":"http:\/\/nalakach.agro.pl\/index.php\/cennik\/","title":{"rendered":"Cennik"},"content":{"rendered":"\n<p><strong>CHCESZ ZAREZERWOWA\u0106 APARTAMENT? LUB POK\u00d3J<\/strong><\/p>\n\n\n\n<p>Wystarczy tylko zadzwoni\u0107 pod numer telefonu&nbsp;<a href=\"tel:+48721721996\"><strong>+48 721721996<\/strong><\/a>&nbsp;lub zarezerwowa\u0107 sw\u00f3j pobyt online na booking, na kt\u00f3rym znajduje si\u0119 nasza Agroturystyka na \u0142\u0105kach.<br>Aby potwierdzi\u0107 rezerwacje nale\u017cy wp\u0142aci\u0107 zadatek w wysoko\u015bci 30% warto\u015bci pobytu.<\/p>\n\n\n\n<p><strong>Akceptowane formy p\u0142atno\u015bci w<\/strong> <strong>obiekcie: <\/strong>Karty p\u0142atnicze, got\u00f3wka, przelew<br><strong>Mo\u017cliwe dodatkowe op\u0142aty:<\/strong><br><strong>Inne:<\/strong> Dodatkowe \u0142\u00f3\u017ceczko dla dziecka (0-3 lat) \u2013 15 z\u0142\/doba, Op\u0142ata za zwierz\u0119 (za pobyt): 50 z\u0142. Zwierz\u0119ta s\u0105 akceptowane (tylko z w\u0142osiem naturalnym). po wcze\u015bniejszym uzgodnieniu z w\u0142a\u015bcicielem.<br>Informujemy, \u017ce od 1 stycznia 2020 r. zmieni\u0142y si\u0119 zasady wystawiania faktur VAT. Ch\u0119\u0107 uzyskania faktury za pobyt nale\u017cy zg\u0142osi\u0107 w momencie dokonania rezerwacji.<br><strong>Odwo\u0142anie rezerwacji:<\/strong> Bezp\u0142atne odwo\u0142anie rezerwacji do 30 dni przed dat\u0105 zameldowania. P\u00f3\u017aniej op\u0142ata rezygnacyjna wynosi 30% kosztu pobytu.<\/p>\n\n\n\n<h3 class=\"has-text-align-center\">PKO BP SA<\/h3>\n\n\n\n<h4 class=\"has-text-align-center\">04 1020 4649 0000 7902 0083 8300<\/h4>\n\n\n\n<h4 class=\"has-text-align-center\">65 1020 4649 0000 7002 0186 2739<\/h4>\n\n\n\n<hr>\n\n\n\n<h3 class=\"has-text-align-center\">Agroturystyka na \u0142\u0105kach na:<\/h3>\n\n\n\n<p style=\"text-align:center;\"><a href=\"https:\/\/www.booking.com\/hotel\/pl\/agroturystyka-na-lakach.pl.html\" target=\"_blank\" rel=\"noopener\"><img src=\"https:\/\/apartfamily.webinforma.lebork.pl\/wp-content\/uploads\/2022\/03\/booking.png\"><\/a><\/p>\n","protected":false},"excerpt":{"rendered":"<p>CHCESZ ZAREZERWOWA\u0106 APARTAMENT? LUB POK\u00d3J Wystarczy tylko zadzwoni\u0107 pod numer telefonu&nbsp;+48 721721996&nbsp;lub zarezerwowa\u0107 sw\u00f3j pobyt online na booking, na kt\u00f3rym znajduje si\u0119 nasza Agroturystyka na \u0142\u0105kach.Aby potwierdzi\u0107 rezerwacje nale\u017cy wp\u0142aci\u0107 zadatek w wysoko\u015bci 30% warto\u015bci pobytu. Akceptowane formy p\u0142atno\u015bci w obiekcie: Karty p\u0142atnicze, got\u00f3wka, przelewMo\u017cliwe dodatkowe op\u0142aty:Inne: Dodatkowe \u0142\u00f3\u017ceczko dla dziecka (0-3 lat) \u2013 15 [&hellip;]<\/p>\n","protected":false},"author":1,"featured_media":0,"parent":0,"menu_order":0,"comment_status":"closed","ping_status":"closed","template":"","meta":[],"_links":{"self":[{"href":"http:\/\/nalakach.agro.pl\/index.php\/wp-json\/wp\/v2\/pages\/17"}],"collection":[{"href":"http:\/\/nalakach.agro.pl\/index.php\/wp-json\/wp\/v2\/pages"}],"about":[{"href":"http:\/\/nalakach.agro.pl\/index.php\/wp-json\/wp\/v2\/types\/page"}],"author":[{"embeddable":true,"href":"http:\/\/nalakach.agro.pl\/index.php\/wp-json\/wp\/v2\/users\/1"}],"replies":[{"embeddable":true,"href":"http:\/\/nalakach.agro.pl\/index.php\/wp-json\/wp\/v2\/comments?post=17"}],"version-history":[{"count":6,"href":"http:\/\/nalakach.agro.pl\/index.php\/wp-json\/wp\/v2\/pages\/17\/revisions"}],"predecessor-version":[{"id":230,"href":"http:\/\/nalakach.agro.pl\/index.php\/wp-json\/wp\/v2\/pages\/17\/revisions\/230"}],"wp:attachment":[{"href":"http:\/\/nalakach.agro.pl\/index.php\/wp-json\/wp\/v2\/media?parent=17"}],"curies":[{"name":"wp","href":"https:\/\/api.w.org\/{rel}","templated":true}]}}