{"id":11,"date":"2022-03-02T15:32:24","date_gmt":"2022-03-02T15:32:24","guid":{"rendered":"http:\/\/nalakach.agro.pl\/?page_id=11"},"modified":"2022-04-25T06:34:08","modified_gmt":"2022-04-25T06:34:08","slug":"apartamenty-rodzinne","status":"publish","type":"page","link":"http:\/\/nalakach.agro.pl\/index.php\/apartamenty-rodzinne\/","title":{"rendered":"Apartamenty rodzinne"},"content":{"rendered":"<div style=\"margin-top:-10px;\"><\/div>\n\n\n\n<table class=\"tabelatd\" style=\"width:100; margin-top:20px;%\"><tbody><tr><td style=\"width:55%; background:none;\">\n<\/td><td style=\"width:50%; background:none; vertical-align:top; padding-top:0px;\"><p style=\"font-size:22px;\">APARTAMENT 14<\/p><p>Apartament Rodzinny to dwupokojowy apartament o powierzchni 30m2 sk\u0142adaj\u0105cy si\u0119 z salonu z aneksem kuchennym, sypialni z \u0142o\u017cem ma\u0142\u017ce\u0144skim oraz \u0142azienki z kabin\u0105 prysznicow\u0105. Do dyspozycji Go\u015bci w salonie znajduj\u0105 si\u0119 2 rozk\u0142adane fotele. Apartament znajduje si\u0119 na parterze i posiada prywatny odr\u0119bny taras.<\/p>\n<p>Apartament nie jest skategoryzowany.<\/p>\n<p>W ca\u0142ym obiekcie obowi\u0105zuje zakaz palenia.<\/p>\n<div style=\"float:left; padding:3px;\"><img title=\"Parking\" style=\"width:20px;\" src=\"http:\/\/apartfamily.pl\/ikony\/parking.png\" class=\"no-lightbox\"><\/div>\n<div style=\"float:left; padding:3px;\"><img title=\"Bezp\u0142atne WiFi\" style=\"width:20px;\" src=\"http:\/\/apartfamily.pl\/ikony\/wifi.png\" class=\"no-lightbox\"><\/div>\n<div style=\"float:left; padding:3px;\"><img title=\"Przybory kuchenne\" style=\"width:20px;\" src=\"http:\/\/apartfamily.pl\/ikony\/naczynia.png\" class=\"no-lightbox\"><\/div>\n<div style=\"float:left; padding:3px;\"><img title=\"Naczynia i sztu\u0107ce\" style=\"width:20px;\" src=\"http:\/\/apartfamily.pl\/ikony\/sztucce.png\" class=\"no-lightbox\"><\/div>\n<div style=\"float:left; padding:3px;\"><img title=\"P\u0142yta kuchenna\" style=\"width:20px;\" src=\"http:\/\/apartfamily.pl\/ikony\/kuchenka.png\" class=\"no-lightbox\"><\/div>\n<div style=\"float:left; padding:3px;\"><img title=\"Mikrofal\u00f3wka\" style=\"width:20px;\" src=\"http:\/\/apartfamily.pl\/ikony\/mikrofala.png\" class=\"no-lightbox\"><\/div>\n<div style=\"float:left; padding:3px;\"><img title=\"Lod\u00f3wka\" style=\"width:20px;\" src=\"http:\/\/apartfamily.pl\/ikony\/lodowka.png\" class=\"no-lightbox\"><\/div>\n<div style=\"float:left; padding:3px;\"><img title=\"Czajnik\" style=\"width:20px;\" src=\"http:\/\/apartfamily.pl\/ikony\/czajnik.png\" class=\"no-lightbox\"><\/div>\n<div style=\"float:left; padding:3px;\"><img title=\"Szafa\" style=\"width:20px;\" src=\"http:\/\/apartfamily.pl\/ikony\/szafa.png\" class=\"no-lightbox\"><\/div>\n<div style=\"float:left; padding:3px;\"><img title=\"Prysznic\" style=\"width:20px;\" src=\"http:\/\/apartfamily.pl\/ikony\/prysznic.png\" class=\"no-lightbox\"><\/div>\n<div style=\"float:left; padding:3px;\"><img title=\"Suszarka do w\u0142os\u00f3w\" style=\"width:20px;\" src=\"http:\/\/apartfamily.pl\/ikony\/suszarka.png\" class=\"no-lightbox\"><\/div>\n<div style=\"float:left; padding:3px;\"><img title=\"Myd\u0142o\" style=\"width:20px;\" src=\"http:\/\/apartfamily.pl\/ikony\/mydlo.png\" class=\"no-lightbox\"><\/div>\n<div style=\"float:left; padding:3px;\"><img title=\"Papier toaletowy\" style=\"width:20px;\" src=\"http:\/\/apartfamily.pl\/ikony\/papier.png\" class=\"no-lightbox\"><\/div>\n<div style=\"float:left; padding:3px;\"><img title=\"Po\u015bciel\" style=\"width:20px;\" src=\"http:\/\/apartfamily.pl\/ikony\/posciel.png\" class=\"no-lightbox\"><\/div>\n<div style=\"float:left; padding:3px;\"><img title=\"Cz\u0119\u015b\u0107 jadalna\" style=\"width:20px;\" src=\"http:\/\/apartfamily.pl\/ikony\/jadalnia.png\" class=\"no-lightbox\"><\/div>\n<div style=\"float:left; padding:3px;\"><img title=\"Cz\u0119\u015b\u0107 wypoczynkowa\" style=\"width:20px;\" src=\"http:\/\/apartfamily.pl\/ikony\/wypoczynek.png\" class=\"no-lightbox\"><\/div>\n<div style=\"float:left; padding:3px;\"><img title=\"Telewizor z p\u0142askim ekranem\" style=\"width:20px;\" src=\"http:\/\/apartfamily.pl\/ikony\/telewizor.png\" class=\"no-lightbox\"><\/div>\n<div style=\"float:left; padding:3px;\"><img title=\"\u017belazko\/deska do prasowania\" style=\"width:20px;\" src=\"http:\/\/apartfamily.pl\/ikony\/zelazko.png\" class=\"no-lightbox\"><\/div>\n<div style=\"width:100%; clear:both; padding-top:10px;\"><div style=\"width:150px; padding:10px; background-color:#f5f5f5; text-align:center; margin-top:10px; font-weight:bold; font-size:16px;\">Max os.<br>4<\/div><\/div>\n<\/td><\/tr><\/tbody><\/table><br>\n\n\n\n<table class=\"tabelatd\" style=\"width:100; margin-top:20px;%\"><tbody><tr><td style=\"width:55%; background:none;\">\n<\/td><td style=\"width:50%; background:none; vertical-align:top; padding-top:0px;\"><p style=\"font-size:22px;\">APARTAMENT 10,11,12<\/p><p>Apartamenty Rodzinne to apartamenty o powierzchni 30m2 sk\u0142adaj\u0105cy si\u0119 z salonu z aneksem kuchennym i po\u0142\u0105czon\u0105 sypialni\u0105 z 2 \u0142\u00f3\u017ckami z mo\u017cliwo\u015bci\u0105 po\u0142\u0105czenia w \u0142o\u017ce ma\u0142\u017ce\u0144skie oraz \u0142azienki z kabin\u0105 prysznicow\u0105. Do dyspozycji Go\u015bci w salonie znajduje si\u0119 sofa rozk\u0142adana. Apartament posiada prywatny odr\u0119bny du\u017cy taras. Apartament znajduje si\u0119 na pi\u0119trze.<\/p>\n<p>Apartament nie jest skategoryzowany.<\/p>\n<p>W ca\u0142ym obiekcie obowi\u0105zuje zakaz palenia.<\/p>\n<div style=\"float:left; padding:3px;\"><img title=\"Parking\" style=\"width:20px;\" src=\"http:\/\/apartfamily.pl\/ikony\/parking.png\" class=\"no-lightbox\"><\/div>\n<div style=\"float:left; padding:3px;\"><img title=\"Bezp\u0142atne WiFi\" style=\"width:20px;\" src=\"http:\/\/apartfamily.pl\/ikony\/wifi.png\" class=\"no-lightbox\"><\/div>\n<div style=\"float:left; padding:3px;\"><img title=\"Przybory kuchenne\" style=\"width:20px;\" src=\"http:\/\/apartfamily.pl\/ikony\/naczynia.png\" class=\"no-lightbox\"><\/div>\n<div style=\"float:left; padding:3px;\"><img title=\"Naczynia i sztu\u0107ce\" style=\"width:20px;\" src=\"http:\/\/apartfamily.pl\/ikony\/sztucce.png\" class=\"no-lightbox\"><\/div>\n<div style=\"float:left; padding:3px;\"><img title=\"P\u0142yta kuchenna\" style=\"width:20px;\" src=\"http:\/\/apartfamily.pl\/ikony\/kuchenka.png\" class=\"no-lightbox\"><\/div>\n<div style=\"float:left; padding:3px;\"><img title=\"Mikrofal\u00f3wka\" style=\"width:20px;\" src=\"http:\/\/apartfamily.pl\/ikony\/mikrofala.png\" class=\"no-lightbox\"><\/div>\n<div style=\"float:left; padding:3px;\"><img title=\"Lod\u00f3wka\" style=\"width:20px;\" src=\"http:\/\/apartfamily.pl\/ikony\/lodowka.png\" class=\"no-lightbox\"><\/div>\n<div style=\"float:left; padding:3px;\"><img title=\"Czajnik\" style=\"width:20px;\" src=\"http:\/\/apartfamily.pl\/ikony\/czajnik.png\" class=\"no-lightbox\"><\/div>\n<div style=\"float:left; padding:3px;\"><img title=\"Szafa\" style=\"width:20px;\" src=\"http:\/\/apartfamily.pl\/ikony\/szafa.png\" class=\"no-lightbox\"><\/div>\n<div style=\"float:left; padding:3px;\"><img title=\"Prysznic\" style=\"width:20px;\" src=\"http:\/\/apartfamily.pl\/ikony\/prysznic.png\" class=\"no-lightbox\"><\/div>\n<div style=\"float:left; padding:3px;\"><img title=\"Suszarka do w\u0142os\u00f3w\" style=\"width:20px;\" src=\"http:\/\/apartfamily.pl\/ikony\/suszarka.png\" class=\"no-lightbox\"><\/div>\n<div style=\"float:left; padding:3px;\"><img title=\"Myd\u0142o\" style=\"width:20px;\" src=\"http:\/\/apartfamily.pl\/ikony\/mydlo.png\" class=\"no-lightbox\"><\/div>\n<div style=\"float:left; padding:3px;\"><img title=\"Papier toaletowy\" style=\"width:20px;\" src=\"http:\/\/apartfamily.pl\/ikony\/papier.png\" class=\"no-lightbox\"><\/div>\n<div style=\"float:left; padding:3px;\"><img title=\"Po\u015bciel\" style=\"width:20px;\" src=\"http:\/\/apartfamily.pl\/ikony\/posciel.png\" class=\"no-lightbox\"><\/div>\n<div style=\"float:left; padding:3px;\"><img title=\"Cz\u0119\u015b\u0107 jadalna\" style=\"width:20px;\" src=\"http:\/\/apartfamily.pl\/ikony\/jadalnia.png\" class=\"no-lightbox\"><\/div>\n<div style=\"float:left; padding:3px;\"><img title=\"Cz\u0119\u015b\u0107 wypoczynkowa\" style=\"width:20px;\" src=\"http:\/\/apartfamily.pl\/ikony\/wypoczynek.png\" class=\"no-lightbox\"><\/div>\n<div style=\"float:left; padding:3px;\"><img title=\"Telewizor z p\u0142askim ekranem\" style=\"width:20px;\" src=\"http:\/\/apartfamily.pl\/ikony\/telewizor.png\" class=\"no-lightbox\"><\/div>\n<div style=\"float:left; padding:3px;\"><img title=\"\u017belazko\/deska do prasowania\" style=\"width:20px;\" src=\"http:\/\/apartfamily.pl\/ikony\/zelazko.png\" class=\"no-lightbox\"><\/div>\n<div style=\"width:100%; clear:both; padding-top:10px;\"><div style=\"width:150px; padding:10px; background-color:#f5f5f5; text-align:center; margin-top:10px; font-weight:bold; font-size:16px;\">Max os.<br>4<\/div><\/div>\n<\/td><\/tr><\/tbody><\/table><hr>\n\n\n\n<table class=\"tabelatd\" style=\"width:100; margin-top:20px;%\"><tbody><tr><td style=\"width:55%; background:none;\">\n<\/td><td style=\"width:50%; background:none; vertical-align:top; padding-top:0px;\"><p style=\"font-size:22px;\">APARTAMENT 3<\/p><p>Apartament Rodzinny to apartamenty o powierzchni 25m2 sk\u0142adaj\u0105cy si\u0119 z salonu z aneksem kuchennym i po\u0142\u0105czon\u0105 sypialni\u0105 z 2 \u0142\u00f3\u017ckami z mo\u017cliwo\u015bci\u0105 po\u0142\u0105czenia w \u0142o\u017ce ma\u0142\u017ce\u0144skie oraz \u0142azienki z kabin\u0105 prysznicow\u0105. Do dyspozycji Go\u015bci w salonie znajduje si\u0119 sofa rozk\u0142adana. Apartament posiada balkon i znajduje si\u0119 na pi\u0119trze.<\/p>\n<p>Apartament nie jest skategoryzowany.<\/p>\n<p>W ca\u0142ym obiekcie obowi\u0105zuje zakaz palenia.<\/p>\n<div style=\"float:left; padding:3px;\"><img title=\"Parking\" style=\"width:20px;\" src=\"http:\/\/apartfamily.pl\/ikony\/parking.png\" class=\"no-lightbox\"><\/div>\n<div style=\"float:left; padding:3px;\"><img title=\"Bezp\u0142atne WiFi\" style=\"width:20px;\" src=\"http:\/\/apartfamily.pl\/ikony\/wifi.png\" class=\"no-lightbox\"><\/div>\n<div style=\"float:left; padding:3px;\"><img title=\"Przybory kuchenne\" style=\"width:20px;\" src=\"http:\/\/apartfamily.pl\/ikony\/naczynia.png\" class=\"no-lightbox\"><\/div>\n<div style=\"float:left; padding:3px;\"><img title=\"Naczynia i sztu\u0107ce\" style=\"width:20px;\" src=\"http:\/\/apartfamily.pl\/ikony\/sztucce.png\" class=\"no-lightbox\"><\/div>\n<div style=\"float:left; padding:3px;\"><img title=\"P\u0142yta kuchenna\" style=\"width:20px;\" src=\"http:\/\/apartfamily.pl\/ikony\/kuchenka.png\" class=\"no-lightbox\"><\/div>\n<div style=\"float:left; padding:3px;\"><img title=\"Mikrofal\u00f3wka\" style=\"width:20px;\" src=\"http:\/\/apartfamily.pl\/ikony\/mikrofala.png\" class=\"no-lightbox\"><\/div>\n<div style=\"float:left; padding:3px;\"><img title=\"Lod\u00f3wka\" style=\"width:20px;\" src=\"http:\/\/apartfamily.pl\/ikony\/lodowka.png\" class=\"no-lightbox\"><\/div>\n<div style=\"float:left; padding:3px;\"><img title=\"Czajnik\" style=\"width:20px;\" src=\"http:\/\/apartfamily.pl\/ikony\/czajnik.png\" class=\"no-lightbox\"><\/div>\n<div style=\"float:left; padding:3px;\"><img title=\"Szafa\" style=\"width:20px;\" src=\"http:\/\/apartfamily.pl\/ikony\/szafa.png\" class=\"no-lightbox\"><\/div>\n<div style=\"float:left; padding:3px;\"><img title=\"Prysznic\" style=\"width:20px;\" src=\"http:\/\/apartfamily.pl\/ikony\/prysznic.png\" class=\"no-lightbox\"><\/div>\n<div style=\"float:left; padding:3px;\"><img title=\"Suszarka do w\u0142os\u00f3w\" style=\"width:20px;\" src=\"http:\/\/apartfamily.pl\/ikony\/suszarka.png\" class=\"no-lightbox\"><\/div>\n<div style=\"float:left; padding:3px;\"><img title=\"Myd\u0142o\" style=\"width:20px;\" src=\"http:\/\/apartfamily.pl\/ikony\/mydlo.png\" class=\"no-lightbox\"><\/div>\n<div style=\"float:left; padding:3px;\"><img title=\"Papier toaletowy\" style=\"width:20px;\" src=\"http:\/\/apartfamily.pl\/ikony\/papier.png\" class=\"no-lightbox\"><\/div>\n<div style=\"float:left; padding:3px;\"><img title=\"Po\u015bciel\" style=\"width:20px;\" src=\"http:\/\/apartfamily.pl\/ikony\/posciel.png\" class=\"no-lightbox\"><\/div>\n<div style=\"float:left; padding:3px;\"><img title=\"Cz\u0119\u015b\u0107 jadalna\" style=\"width:20px;\" src=\"http:\/\/apartfamily.pl\/ikony\/jadalnia.png\" class=\"no-lightbox\"><\/div>\n<div style=\"float:left; padding:3px;\"><img title=\"Cz\u0119\u015b\u0107 wypoczynkowa\" style=\"width:20px;\" src=\"http:\/\/apartfamily.pl\/ikony\/wypoczynek.png\" class=\"no-lightbox\"><\/div>\n<div style=\"float:left; padding:3px;\"><img title=\"Telewizor z p\u0142askim ekranem\" style=\"width:20px;\" src=\"http:\/\/apartfamily.pl\/ikony\/telewizor.png\" class=\"no-lightbox\"><\/div>\n<div style=\"float:left; padding:3px;\"><img title=\"\u017belazko\/deska do prasowania\" style=\"width:20px;\" src=\"http:\/\/apartfamily.pl\/ikony\/zelazko.png\" class=\"no-lightbox\"><\/div>\n<div style=\"width:100%; clear:both; padding-top:10px;\"><div style=\"width:150px; padding:10px; background-color:#f5f5f5; text-align:center; margin-top:10px; font-weight:bold; font-size:16px;\">Max os.<br>4<\/div><\/div>\n<\/td><\/tr><\/tbody><\/table><hr>\n\n\n\n<table class=\"tabelatd\" style=\"width:100; margin-top:20px;%\"><tbody><tr><td style=\"width:55%; background:none;\">\n<\/td><td style=\"width:50%; background:none; vertical-align:top; padding-top:0px;\"><p style=\"font-size:22px;\">APARTAMENT 2<\/p><p>Apartament Rodzinny to apartamenty o powierzchni 25m2 sk\u0142adaj\u0105cy si\u0119 z salonu z aneksem kuchennym i po\u0142\u0105czon\u0105 sypialni\u0105 z 2 \u0142\u00f3\u017ckami z mo\u017cliwo\u015bci\u0105 po\u0142\u0105czenia w \u0142o\u017ce ma\u0142\u017ce\u0144skie oraz \u0142azienki z kabin\u0105 prysznicow\u0105. Do dyspozycji Go\u015bci w salonie znajduje si\u0119 sofa rozk\u0142adana. Apartament znajduje si\u0119 na parterze.<\/p>\n<p>Apartament nie jest skategoryzowany.<\/p>\n<p>W ca\u0142ym obiekcie obowi\u0105zuje zakaz palenia.<\/p>\n<div style=\"float:left; padding:3px;\"><img title=\"Parking\" style=\"width:20px;\" src=\"http:\/\/apartfamily.pl\/ikony\/parking.png\" class=\"no-lightbox\"><\/div>\n<div style=\"float:left; padding:3px;\"><img title=\"Bezp\u0142atne WiFi\" style=\"width:20px;\" src=\"http:\/\/apartfamily.pl\/ikony\/wifi.png\" class=\"no-lightbox\"><\/div>\n<div style=\"float:left; padding:3px;\"><img title=\"Przybory kuchenne\" style=\"width:20px;\" src=\"http:\/\/apartfamily.pl\/ikony\/naczynia.png\" class=\"no-lightbox\"><\/div>\n<div style=\"float:left; padding:3px;\"><img title=\"Naczynia i sztu\u0107ce\" style=\"width:20px;\" src=\"http:\/\/apartfamily.pl\/ikony\/sztucce.png\" class=\"no-lightbox\"><\/div>\n<div style=\"float:left; padding:3px;\"><img title=\"P\u0142yta kuchenna\" style=\"width:20px;\" src=\"http:\/\/apartfamily.pl\/ikony\/kuchenka.png\" class=\"no-lightbox\"><\/div>\n<div style=\"float:left; padding:3px;\"><img title=\"Mikrofal\u00f3wka\" style=\"width:20px;\" src=\"http:\/\/apartfamily.pl\/ikony\/mikrofala.png\" class=\"no-lightbox\"><\/div>\n<div style=\"float:left; padding:3px;\"><img title=\"Lod\u00f3wka\" style=\"width:20px;\" src=\"http:\/\/apartfamily.pl\/ikony\/lodowka.png\" class=\"no-lightbox\"><\/div>\n<div style=\"float:left; padding:3px;\"><img title=\"Czajnik\" style=\"width:20px;\" src=\"http:\/\/apartfamily.pl\/ikony\/czajnik.png\" class=\"no-lightbox\"><\/div>\n<div style=\"float:left; padding:3px;\"><img title=\"Szafa\" style=\"width:20px;\" src=\"http:\/\/apartfamily.pl\/ikony\/szafa.png\" class=\"no-lightbox\"><\/div>\n<div style=\"float:left; padding:3px;\"><img title=\"Prysznic\" style=\"width:20px;\" src=\"http:\/\/apartfamily.pl\/ikony\/prysznic.png\" class=\"no-lightbox\"><\/div>\n<div style=\"float:left; padding:3px;\"><img title=\"Suszarka do w\u0142os\u00f3w\" style=\"width:20px;\" src=\"http:\/\/apartfamily.pl\/ikony\/suszarka.png\" class=\"no-lightbox\"><\/div>\n<div style=\"float:left; padding:3px;\"><img title=\"Myd\u0142o\" style=\"width:20px;\" src=\"http:\/\/apartfamily.pl\/ikony\/mydlo.png\" class=\"no-lightbox\"><\/div>\n<div style=\"float:left; padding:3px;\"><img title=\"Papier toaletowy\" style=\"width:20px;\" src=\"http:\/\/apartfamily.pl\/ikony\/papier.png\" class=\"no-lightbox\"><\/div>\n<div style=\"float:left; padding:3px;\"><img title=\"Po\u015bciel\" style=\"width:20px;\" src=\"http:\/\/apartfamily.pl\/ikony\/posciel.png\" class=\"no-lightbox\"><\/div>\n<div style=\"float:left; padding:3px;\"><img title=\"Cz\u0119\u015b\u0107 jadalna\" style=\"width:20px;\" src=\"http:\/\/apartfamily.pl\/ikony\/jadalnia.png\" class=\"no-lightbox\"><\/div>\n<div style=\"float:left; padding:3px;\"><img title=\"Cz\u0119\u015b\u0107 wypoczynkowa\" style=\"width:20px;\" src=\"http:\/\/apartfamily.pl\/ikony\/wypoczynek.png\" class=\"no-lightbox\"><\/div>\n<div style=\"float:left; padding:3px;\"><img title=\"Telewizor z p\u0142askim ekranem\" style=\"width:20px;\" src=\"http:\/\/apartfamily.pl\/ikony\/telewizor.png\" class=\"no-lightbox\"><\/div>\n<div style=\"float:left; padding:3px;\"><img title=\"\u017belazko\/deska do prasowania\" style=\"width:20px;\" src=\"http:\/\/apartfamily.pl\/ikony\/zelazko.png\" class=\"no-lightbox\"><\/div>\n<div style=\"width:100%; clear:both; padding-top:10px;\"><div style=\"width:150px; padding:10px; background-color:#f5f5f5; text-align:center; margin-top:10px; font-weight:bold; font-size:16px;\">Max os.<br>4<\/div><\/div>\n<\/td><\/tr><\/tbody><\/table><hr>\n\n\n\n<table class=\"tabelatd\" style=\"width:100; margin-top:20px;%\"><tbody><tr><td style=\"width:55%; background:none;\">\n<\/td><td style=\"width:50%; background:none; vertical-align:top; padding-top:0px;\"><p style=\"font-size:22px;\">APARTAMENT 1<\/p><p>Apartament Rodzinny to apartamenty o powierzchni 30m2 sk\u0142adaj\u0105cy si\u0119 z salonu z aneksem kuchennym i po\u0142\u0105czon\u0105 sypialni\u0105 z 4 pojedynczymi \u0142\u00f3\u017ckami z mo\u017cliwo\u015bci\u0105 po\u0142\u0105czenia w 2 \u0142o\u017ce ma\u0142\u017ce\u0144skie oraz \u0142azienki z kabin\u0105 prysznicow\u0105. Do dyspozycji Go\u015bci w salonie znajduje si\u0119 fotel rozk\u0142adany. Apartament znajduje si\u0119 na parterze.<\/p>\n<p>Apartament nie jest skategoryzowany.<\/p>\n<p>W ca\u0142ym obiekcie obowi\u0105zuje zakaz palenia.<\/p>\n<div style=\"float:left; padding:3px;\"><img title=\"Parking\" style=\"width:20px;\" src=\"http:\/\/apartfamily.pl\/ikony\/parking.png\" class=\"no-lightbox\"><\/div>\n<div style=\"float:left; padding:3px;\"><img title=\"Bezp\u0142atne WiFi\" style=\"width:20px;\" src=\"http:\/\/apartfamily.pl\/ikony\/wifi.png\" class=\"no-lightbox\"><\/div>\n<div style=\"float:left; padding:3px;\"><img title=\"Przybory kuchenne\" style=\"width:20px;\" src=\"http:\/\/apartfamily.pl\/ikony\/naczynia.png\" class=\"no-lightbox\"><\/div>\n<div style=\"float:left; padding:3px;\"><img title=\"Naczynia i sztu\u0107ce\" style=\"width:20px;\" src=\"http:\/\/apartfamily.pl\/ikony\/sztucce.png\" class=\"no-lightbox\"><\/div>\n<div style=\"float:left; padding:3px;\"><img title=\"P\u0142yta kuchenna\" style=\"width:20px;\" src=\"http:\/\/apartfamily.pl\/ikony\/kuchenka.png\" class=\"no-lightbox\"><\/div>\n<div style=\"float:left; padding:3px;\"><img title=\"Mikrofal\u00f3wka\" style=\"width:20px;\" src=\"http:\/\/apartfamily.pl\/ikony\/mikrofala.png\" class=\"no-lightbox\"><\/div>\n<div style=\"float:left; padding:3px;\"><img title=\"Lod\u00f3wka\" style=\"width:20px;\" src=\"http:\/\/apartfamily.pl\/ikony\/lodowka.png\" class=\"no-lightbox\"><\/div>\n<div style=\"float:left; padding:3px;\"><img title=\"Czajnik\" style=\"width:20px;\" src=\"http:\/\/apartfamily.pl\/ikony\/czajnik.png\" class=\"no-lightbox\"><\/div>\n<div style=\"float:left; padding:3px;\"><img title=\"Szafa\" style=\"width:20px;\" src=\"http:\/\/apartfamily.pl\/ikony\/szafa.png\" class=\"no-lightbox\"><\/div>\n<div style=\"float:left; padding:3px;\"><img title=\"Prysznic\" style=\"width:20px;\" src=\"http:\/\/apartfamily.pl\/ikony\/prysznic.png\" class=\"no-lightbox\"><\/div>\n<div style=\"float:left; padding:3px;\"><img title=\"Suszarka do w\u0142os\u00f3w\" style=\"width:20px;\" src=\"http:\/\/apartfamily.pl\/ikony\/suszarka.png\" class=\"no-lightbox\"><\/div>\n<div style=\"float:left; padding:3px;\"><img title=\"Myd\u0142o\" style=\"width:20px;\" src=\"http:\/\/apartfamily.pl\/ikony\/mydlo.png\" class=\"no-lightbox\"><\/div>\n<div style=\"float:left; padding:3px;\"><img title=\"Papier toaletowy\" style=\"width:20px;\" src=\"http:\/\/apartfamily.pl\/ikony\/papier.png\" class=\"no-lightbox\"><\/div>\n<div style=\"float:left; padding:3px;\"><img title=\"Po\u015bciel\" style=\"width:20px;\" src=\"http:\/\/apartfamily.pl\/ikony\/posciel.png\" class=\"no-lightbox\"><\/div>\n<div style=\"float:left; padding:3px;\"><img title=\"Cz\u0119\u015b\u0107 jadalna\" style=\"width:20px;\" src=\"http:\/\/apartfamily.pl\/ikony\/jadalnia.png\" class=\"no-lightbox\"><\/div>\n<div style=\"float:left; padding:3px;\"><img title=\"Cz\u0119\u015b\u0107 wypoczynkowa\" style=\"width:20px;\" src=\"http:\/\/apartfamily.pl\/ikony\/wypoczynek.png\" class=\"no-lightbox\"><\/div>\n<div style=\"float:left; padding:3px;\"><img title=\"Telewizor z p\u0142askim ekranem\" style=\"width:20px;\" src=\"http:\/\/apartfamily.pl\/ikony\/telewizor.png\" class=\"no-lightbox\"><\/div>\n<div style=\"float:left; padding:3px;\"><img title=\"\u017belazko\/deska do prasowania\" style=\"width:20px;\" src=\"http:\/\/apartfamily.pl\/ikony\/zelazko.png\" class=\"no-lightbox\"><\/div>\n<div style=\"width:100%; clear:both; padding-top:10px;\"><div style=\"width:150px; padding:10px; background-color:#f5f5f5; text-align:center; margin-top:10px; font-weight:bold; font-size:16px;\">Max os.<br>5<\/div><\/div>\n<\/td><\/tr><\/tbody><\/table><hr>\n","protected":false},"excerpt":{"rendered":"<p>APARTAMENT 14 Apartament Rodzinny to dwupokojowy apartament o powierzchni 30m2 sk\u0142adaj\u0105cy si\u0119 z salonu z aneksem kuchennym, sypialni z \u0142o\u017cem ma\u0142\u017ce\u0144skim oraz \u0142azienki z kabin\u0105 prysznicow\u0105. Do dyspozycji Go\u015bci w salonie znajduj\u0105 si\u0119 2 rozk\u0142adane fotele. Apartament znajduje si\u0119 na parterze i posiada prywatny odr\u0119bny taras. Apartament nie jest skategoryzowany. W ca\u0142ym obiekcie obowi\u0105zuje zakaz [&hellip;]<\/p>\n","protected":false},"author":1,"featured_media":0,"parent":0,"menu_order":0,"comment_status":"closed","ping_status":"closed","template":"","meta":[],"_links":{"self":[{"href":"http:\/\/nalakach.agro.pl\/index.php\/wp-json\/wp\/v2\/pages\/11"}],"collection":[{"href":"http:\/\/nalakach.agro.pl\/index.php\/wp-json\/wp\/v2\/pages"}],"about":[{"href":"http:\/\/nalakach.agro.pl\/index.php\/wp-json\/wp\/v2\/types\/page"}],"author":[{"embeddable":true,"href":"http:\/\/nalakach.agro.pl\/index.php\/wp-json\/wp\/v2\/users\/1"}],"replies":[{"embeddable":true,"href":"http:\/\/nalakach.agro.pl\/index.php\/wp-json\/wp\/v2\/comments?post=11"}],"version-history":[{"count":13,"href":"http:\/\/nalakach.agro.pl\/index.php\/wp-json\/wp\/v2\/pages\/11\/revisions"}],"predecessor-version":[{"id":227,"href":"http:\/\/nalakach.agro.pl\/index.php\/wp-json\/wp\/v2\/pages\/11\/revisions\/227"}],"wp:attachment":[{"href":"http:\/\/nalakach.agro.pl\/index.php\/wp-json\/wp\/v2\/media?parent=11"}],"curies":[{"name":"wp","href":"https:\/\/api.w.org\/{rel}","templated":true}]}}